{"id":89,"date":"2021-02-06T13:32:42","date_gmt":"2021-02-06T12:32:42","guid":{"rendered":"http:\/\/www.technicselecservices.com\/index.php\/contact\/"},"modified":"2025-02-24T11:01:03","modified_gmt":"2025-02-24T10:01:03","slug":"contact","status":"publish","type":"page","link":"https:\/\/www.technicselecservices.com\/index.php\/contact\/","title":{"rendered":"Contact"},"content":{"rendered":"<!--themify_builder_content-->\n<div id=\"themify_builder_content-89\" data-postid=\"89\" class=\"themify_builder_content themify_builder_content-89 themify_builder tf_clear\">\n                    <div  data-parallax-bg=\"desktop\" data-css_id=\"mak9246\" data-lazy=\"1\" class=\"module_row themify_builder_row fullwidth_row_container tb_mak9246 tb_first tf_w\">\n            <span class=\"builder_row_cover tf_abs\"><\/span>            <div class=\"row_inner col_align_top tb_col_count_1 tf_box tf_rel\">\n                        <div  data-lazy=\"1\" class=\"module_column tb-column col-full tb_7cn5247 first\">\n                    <!-- module text -->\n<div  class=\"module module-text tb_h3nj247    wow\" data-tf-animation=\"fadeInDown\" data-lazy=\"1\" data-lax-translate-y=\"(vh*1) 0,(vh*0) -70\" data-lax=\"true\">\n        <div  class=\"tb_text_wrap\">\n        <p>ENTRONS EN<\/p>\n<h1>CONTACT<\/h1>    <\/div>\n<\/div>\n<!-- \/module text -->        <\/div>\n                        <\/div>\n        <\/div>\n                        <div  data-lazy=\"1\" class=\"module_row themify_builder_row tb_tk3q448 tf_w\">\n            <span class=\"builder_row_cover tf_abs\"><\/span>            <div class=\"row_inner col_align_top tb_col_count_1 tf_box tf_rel\">\n                        <div  data-lazy=\"1\" class=\"module_column tb-column col-full tb_ehat448 first\">\n                            <\/div>\n                        <\/div>\n        <\/div>\n                        <div  data-lazy=\"1\" class=\"module_row themify_builder_row tb_1mt8399 tf_w\">\n                        <div class=\"row_inner col_align_top tb_col_count_1 tf_box tf_rel\">\n                        <div  data-lazy=\"1\" class=\"module_column tb-column col-full tb_45jh400 first\">\n                            <div  data-lazy=\"1\" class=\"module_subrow themify_builder_sub_row tf_w col_align_top tb_col_count_3 tb_j9uz401\">\n                <div  data-lazy=\"1\" class=\"module_column sub_column col3-1 tb_jnu9402 first\">\n                    <!-- module icon -->\n<div  class=\"module module-icon tb_ew01440   squared icon_horizontal  wow\" data-tf-animation=\"fadeInUp\" data-tf-animation_delay=\"0.2\" data-lazy=\"1\" data-lax-optimize=\"true\" data-lax-translate-y=\"(vh*1) 0,(vh*0) -70\" data-lax=\"true\">\n            <div class=\"module-icon-item\">\n                                                                <em class=\"tf_boxblack\"><svg  class=\"tf_fa tf-ti-mobile\" aria-hidden=\"true\"><use href=\"#tf-ti-mobile\"><\/use><\/svg><\/em>\n                                                        <\/div>\n    <\/div>\n<!-- \/module icon -->\n<!-- module text -->\n<div  class=\"module module-text tb_59pr978    wow\" data-tf-animation=\"fadeInUp\" data-lazy=\"1\" data-lax-translate-y=\"(vh*1) 0,(vh*0) -70\" data-lax=\"true\">\n        <div  class=\"tb_text_wrap\">\n        <h3>Appellez-nous<\/h3>\n<ul>\n<li>06 85 64 66 13<\/li>\n<li>06 08 62 07 99<\/li>\n<\/ul>    <\/div>\n<\/div>\n<!-- \/module text -->        <\/div>\n                    <div  data-lazy=\"1\" class=\"module_column sub_column col3-1 tb_hjdx538\">\n                    <!-- module icon -->\n<div  class=\"module module-icon tb_fjht795   squared icon_horizontal  wow\" data-tf-animation=\"fadeInUp\" data-tf-animation_delay=\"0.5\" data-lazy=\"1\" data-lax-optimize=\"true\" data-lax-translate-y=\"(vh*1) 0,(vh*0) -70\" data-lax=\"true\">\n            <div class=\"module-icon-item\">\n                                                                <em class=\"tf_boxblack\"><svg  class=\"tf_fa tf-ti-email\" aria-hidden=\"true\"><use href=\"#tf-ti-email\"><\/use><\/svg><\/em>\n                                                        <\/div>\n    <\/div>\n<!-- \/module icon -->\n<!-- module text -->\n<div  class=\"module module-text tb_5pa5539    wow\" data-tf-animation=\"fadeInUp\" data-lazy=\"1\" data-lax-translate-y=\"(vh*1) 0,(vh*0) -70\" data-lax=\"true\">\n        <div  class=\"tb_text_wrap\">\n        <h3>Des questions ?<\/h3>\n<p>contact@technicselecservices.com<\/p>    <\/div>\n<\/div>\n<!-- \/module text -->        <\/div>\n                    <div  data-lazy=\"1\" class=\"module_column sub_column col3-1 tb_9sm3561 last\">\n                    <!-- module icon -->\n<div  class=\"module module-icon tb_ci01909   squared icon_horizontal  wow\" data-tf-animation=\"fadeInUp\" data-tf-animation_delay=\"0.8\" data-lazy=\"1\" data-lax-optimize=\"true\" data-lax-translate-y=\"(vh*1) 0,(vh*0) -70\" data-lax=\"true\">\n            <div class=\"module-icon-item\">\n                                                                <em class=\"tf_boxblack\"><svg  class=\"tf_fa tf-ti-location-pin\" aria-hidden=\"true\"><use href=\"#tf-ti-location-pin\"><\/use><\/svg><\/em>\n                                                        <\/div>\n    <\/div>\n<!-- \/module icon -->\n<!-- module text -->\n<div  class=\"module module-text tb_1v3c563    wow\" data-tf-animation=\"fadeInUp\" data-lazy=\"1\" data-lax-translate-y=\"(vh*1) 0,(vh*0) -70\" data-lax=\"true\">\n        <div  class=\"tb_text_wrap\">\n        <h3>Adresse<\/h3>\n<p>480 ROUTE DES GRANDES TERRES 69610 SOUZY<\/p>    <\/div>\n<\/div>\n<!-- \/module text -->        <\/div>\n                    <\/div>\n                <\/div>\n                        <\/div>\n        <\/div>\n                        <div  data-css_id=\"6cpl33\" data-lazy=\"1\" class=\"module_row themify_builder_row fullwidth tb_6cpl33 tf_w\">\n                        <div class=\"row_inner col_align_top tb_col_count_1 tf_box tf_rel\">\n                        <div  data-lazy=\"1\" class=\"module_column tb-column col-full tb_e7i534 first\">\n                    <!-- module typewriter -->\n<div  id=\"tb_cda4719\" class=\"module module-typewriter tb_cda4719  wow\" data-tf-animation=\"fadeInUp\" data-lazy=\"1\">\n\t\t\n\t\t\t<p class=\"typewriter-main-tag\">\n\t\t<span class=\"typewritter-text-before\">BESOIN <\/span>\n\t\t<span class=\"typewriter-span\" \n\t\t\t  data-typer-targets='[&quot;D\\u0027INFORMATIONS?&quot;,&quot;DE PRENDRE RENDEZ-VOUS?&quot;,&quot;D\\u0027UN DEVIS?&quot;]'\n\t\t\t  data-typer-highlight-speed=\"50\"\n\t\t\t  data-typer-type-speed=\"150\"\n\t\t\t  data-typer-clear-delay=\"1.5\"\n\t\t\t  data-typer-type-delay=\"0.2\"\n\t\t\t  data-typer-interval=\"1.5\"\n\t\t\t  data-typer-direction=\"rtl\">\n\t\t\t\t  D'INFORMATIONS?\t\t<\/span>\n\t\t<span class=\"typewritter-text-after\"> <\/span>\n\t\t<\/p>\n\t\t<\/div>\n<!-- \/module typewriter -->\n<!-- module text -->\n<div  class=\"module module-text tb_6xo4853    wow\" data-tf-animation=\"fadeIn\" data-tf-animation_delay=\"0.5\" data-lazy=\"1\">\n        <div  class=\"tb_text_wrap\">\n        <p>Decrivez-nous votre besoin ou projet directement via ce formulaire.<\/p>    <\/div>\n<\/div>\n<!-- \/module text -->        <div  data-lazy=\"1\" class=\"module_subrow themify_builder_sub_row tf_w col_align_top tb_col_count_2 tb_n1o0994\">\n                <div  data-lazy=\"1\" class=\"module_column sub_column col4-2 tb_llv2995 first\">\n                    <!-- module contact -->\n<div  id=\"tb_qbje890\" class=\"module module-contact tb_qbje890 contact-style1 \" data-lazy=\"1\">\n    \n\t<form class=\"builder-contact\"\n\t\tid=\"tb_qbje890-form\"\n\t\tmethod=\"post\"\n\t\tdata-post-id=\"89\"\n\t\tdata-element-id=\"qbje890\"\n\t\tdata-orig-id=\"89\"\n\t>\n    <div class=\"contact-message\"><\/div>\n\t<div class=\"builder-contact-fields tf_rel\">\n\t\t    \t\t    <div class=\"builder-contact-field builder-contact-field-name builder-contact-text-field\">\n\t\t\t    <label class=\"control-label\" for=\"tb_qbje890-contact-name\">\n\t\t\t\t\t\t\t\t\t\t<span class=\"tb-label-span\">Nom & pr\u00e9nom <\/span><span class=\"required\">*<\/span>\t\t\t\t<\/label>\n\t\t\t    <div class=\"control-input tf_rel\">\n\t\t\t\t    \t\t\t\t\t    <input type=\"text\" name=\"contact-name\" placeholder=\"\" id=\"tb_qbje890-contact-name\" value=\"\" class=\"form-control\" required>\n\t\t\t\t    \t\t\t\t    \t\t\t    <\/div>\n\t\t<\/div>\n\t    \n\t\t    \t\t    <div class=\"builder-contact-field builder-contact-field-email builder-contact-text-field\">\n\t\t\t    <label class=\"control-label\" for=\"tb_qbje890-contact-email\">\n\t\t\t\t\t\t\t\t\t\t<span class=\"tb-label-span\">Email <\/span><span class=\"required\">*<\/span>\t\t\t\t<\/label>\n\t\t\t    <div class=\"control-input tf_rel\">\n\t\t\t\t    \t\t\t\t\t    <input type=\"email\" name=\"contact-email\" placeholder=\"\" id=\"tb_qbje890-contact-email\" value=\"\" class=\"form-control\" required>\n\t\t\t\t    \t\t\t\t    \t\t\t    <\/div>\n\t\t<\/div>\n\t    \n\t\t    \t\t    <div class=\"builder-contact-field builder-contact-field-subject builder-contact-text-field\">\n\t\t\t    <label class=\"control-label\" for=\"tb_qbje890-contact-subject\">\n\t\t\t\t\t\t\t\t\t\t<span class=\"tb-label-span\">Sujet <\/span><span class=\"required\">*<\/span>\t\t\t\t<\/label>\n\t\t\t    <div class=\"control-input tf_rel\">\n\t\t\t\t    \t\t\t\t\t    <input type=\"text\" name=\"contact-subject\" placeholder=\"\" id=\"tb_qbje890-contact-subject\" value=\"\" class=\"form-control\" required>\n\t\t\t\t    \t\t\t\t    \t\t\t    <\/div>\n\t\t<\/div>\n\t    \n\t\t    \t\t    <div class=\"builder-contact-field builder-contact-field-message builder-contact-textarea-field\">\n\t\t\t    <label class=\"control-label\" for=\"tb_qbje890-contact-message\">\n\t\t\t\t\t\t\t\t\t\t<span class=\"tb-label-span\">Message <\/span>\t\t\t\t<\/label>\n\t\t\t    <div class=\"control-input tf_rel\">\n\t\t\t\t    \t\t\t\t\t    <textarea name=\"contact-message\" placeholder=\"\" id=\"tb_qbje890-contact-message\" class=\"form-control\"><\/textarea>\n\t\t\t\t    \t\t\t\t    \t\t\t    <\/div>\n\t\t<\/div>\n\t    \n\t\t    \t\t\n\t\t\t\t\t<div class=\"builder-contact-field builder-contact-field-gdpr\">\n\t\t\t\t<div class=\"control-label\">\n\t\t\t\t\t<div class=\"control-input tf_rel\">\n\t\t\t\t\t\t<label class=\"field-gdpr\">\n\t\t\t\t\t\t\t<input type=\"checkbox\" name=\"gdpr\" value=\"1\" required>\n\t\t\t\t\t\t\t<span>Je consens \u00e0 ce que mes donn\u00e9es soumises soient collect\u00e9es et stock\u00e9es.<\/span>\n\t\t\t\t\t\t\t<span class=\"required\">*<\/span>\n\t\t\t\t\t\t<\/label>\n\t\t\t\t\t<\/div>\n\t\t\t\t<\/div>\n\t\t\t<\/div>\n\t\t\n\t    \n\t    <div class=\"builder-contact-field builder-contact-field-send control-input tf_textl tf_clear tf_rel\">\n\t\t\t<button type=\"submit\" class=\"btn btn-primary\">\n\t\t\t\t<span class=\"tf_loader\"><\/span>\t\t\t\t<span class=\"tf_submit_icon\"><\/span> \n\t\t\t\tEnvoyer\t\t\t<\/button>\n\t    <\/div>\n\t<\/div>\n    <\/form>\n    <\/div>\n<!-- \/module contact -->\n        <\/div>\n                    <div  data-lazy=\"1\" class=\"module_column sub_column col4-2 tb_h51h727 last\">\n                    <!-- module maps pro -->\n<div  id=\"tb_abya213\" class=\"module module-maps-pro tb_abya213  tf_lazy\" data-zoom=\"10\" data-type=\"ROADMAP\" data-address=\"480 ROUTE DES GRANDES TERRES 69610 SOUZY\" data-scrollwheel=\"1\" data-draggable=\"enable\" data-disable_map_ui=\"\" data-polyline=\"\" data-geodesic=\"\" data-polylineStroke=\"2\" data-polylineColor=\"\" data-trigger=\"\" data-mapid=\"\" data-style_map=\"blue-gray\" data-legacymarkers=\"\" data-lazy=\"1\">\n\t\n\t\t\t<div class=\"maps-pro-canvas-container\">\n\t\t\t<div class=\"maps-pro-canvas\" style=\"width:100%;height:600px\"><\/div>\n\t\t<\/div>\n\t\t\t\t\t<template>\n\t\t\t\t\t\t\t\t\t<div data-address=\"45.700956,4.454511999999999\" data-image=\"https:\/\/www.technicselecservices.com\/wp-content\/uploads\/2024\/06\/map-marker.png\">\n\t\t\t\t\t\t\t\t\t\t\t<\/div>\n\t\t\t\t\t\t\t<\/template>\n\t\t\t\t\n\t<\/div>\n<!-- \/module maps pro -->        <\/div>\n                    <\/div>\n                <\/div>\n                        <\/div>\n        <\/div>\n                        <div  data-lazy=\"1\" class=\"module_row themify_builder_row tb_dv1f703 tf_w\">\n                        <div class=\"row_inner col_align_top tb_col_count_1 tf_box tf_rel\">\n                        <div  data-lazy=\"1\" class=\"module_column tb-column col-full tb_d7ns704 first\">\n                    <!-- module template_part -->\n<div  class=\"module module-layout-part tb_fufe366 \">\n    <div class=\"tb_layout_part_wrap tf_w\"><!--themify_builder_content-->\n    <div  class=\"themify_builder_content themify_builder_content-160 themify_builder not_editable_builder in_the_loop\" data-postid=\"160\">\n                        <div  data-lazy=\"1\" class=\"module_row themify_builder_row tb_or34020 tf_w\">\n                        <div class=\"row_inner col_align_top tb_col_count_1 tf_box tf_rel\">\n                        <div  data-lazy=\"1\" class=\"module_column tb-column col-full tb_wrdw222 first\">\n                    <!-- module buttons -->\n<div  class=\"module module-buttons tb_a7wj42 buttons-horizontal solid  large\" data-lazy=\"1\">\n        <div class=\"module-buttons-item tf_in_flx\">\n                        <a href=\"http:\/\/www.technicselecservices.com\/\" class=\"ui builder_button tf_in_flx tb_default_color\" >\n                                                RETOUR \u00c0 L'ACCUEIL                                        <\/a>\n                <\/div>\n            <\/div>\n<!-- \/module buttons -->\n        <\/div>\n                        <\/div>\n        <\/div>\n            <\/div>\n<!--\/themify_builder_content--><\/div>\n<\/div>\n<!-- \/module template_part -->        <\/div>\n                        <\/div>\n        <\/div>\n        <\/div>\n<!--\/themify_builder_content-->","protected":false},"excerpt":{"rendered":"<p>ENTRONS EN CONTACT<\/p>\n","protected":false},"author":1,"featured_media":0,"parent":0,"menu_order":0,"comment_status":"closed","ping_status":"closed","template":"","meta":{"footnotes":""},"class_list":["post-89","page","type-page","status-publish","hentry","has-post-title","has-post-date","has-post-category","has-post-tag","has-post-comment","has-post-author",""],"yoast_head":"<!-- This site is optimized with the Yoast SEO plugin v26.0 - https:\/\/yoast.com\/wordpress\/plugins\/seo\/ -->\n<title>Contact - technic&#039;s elec services<\/title>\n<meta name=\"description\" content=\"Contactez nous pour un devis personnalis\u00e9 ou une assistance rapide. Nous sommes \u00e0 votre \u00e9coute pour tous vos besoins \u00e9lectriques.\" \/>\n<meta name=\"robots\" content=\"index, follow, max-snippet:-1, max-image-preview:large, max-video-preview:-1\" \/>\n<link rel=\"canonical\" href=\"https:\/\/www.technicselecservices.com\/index.php\/contact\/\" \/>\n<meta property=\"og:locale\" content=\"fr_FR\" \/>\n<meta property=\"og:type\" content=\"article\" \/>\n<meta property=\"og:title\" content=\"Contact - technic&#039;s elec services\" \/>\n<meta property=\"og:description\" content=\"Contactez nous pour un devis personnalis\u00e9 ou une assistance rapide. Nous sommes \u00e0 votre \u00e9coute pour tous vos besoins \u00e9lectriques.\" \/>\n<meta property=\"og:url\" content=\"https:\/\/www.technicselecservices.com\/index.php\/contact\/\" \/>\n<meta property=\"og:site_name\" content=\"technic&#039;s elec services\" \/>\n<meta property=\"article:modified_time\" content=\"2025-02-24T10:01:03+00:00\" \/>\n<meta name=\"twitter:card\" content=\"summary_large_image\" \/>\n<meta name=\"twitter:label1\" content=\"Dur\u00e9e de lecture estim\u00e9e\" \/>\n\t<meta name=\"twitter:data1\" content=\"1 minute\" \/>\n<script type=\"application\/ld+json\" class=\"yoast-schema-graph\">{\"@context\":\"https:\/\/schema.org\",\"@graph\":[{\"@type\":\"WebPage\",\"@id\":\"https:\/\/www.technicselecservices.com\/index.php\/contact\/\",\"url\":\"https:\/\/www.technicselecservices.com\/index.php\/contact\/\",\"name\":\"Contact - technic&#039;s elec services\",\"isPartOf\":{\"@id\":\"https:\/\/www.technicselecservices.com\/#website\"},\"datePublished\":\"2021-02-06T12:32:42+00:00\",\"dateModified\":\"2025-02-24T10:01:03+00:00\",\"description\":\"Contactez nous pour un devis personnalis\u00e9 ou une assistance rapide. Nous sommes \u00e0 votre \u00e9coute pour tous vos besoins \u00e9lectriques.\",\"breadcrumb\":{\"@id\":\"https:\/\/www.technicselecservices.com\/index.php\/contact\/#breadcrumb\"},\"inLanguage\":\"fr-FR\",\"potentialAction\":[{\"@type\":\"ReadAction\",\"target\":[\"https:\/\/www.technicselecservices.com\/index.php\/contact\/\"]}]},{\"@type\":\"BreadcrumbList\",\"@id\":\"https:\/\/www.technicselecservices.com\/index.php\/contact\/#breadcrumb\",\"itemListElement\":[{\"@type\":\"ListItem\",\"position\":1,\"name\":\"Accueil\",\"item\":\"https:\/\/www.technicselecservices.com\/\"},{\"@type\":\"ListItem\",\"position\":2,\"name\":\"Contact\"}]},{\"@type\":\"WebSite\",\"@id\":\"https:\/\/www.technicselecservices.com\/#website\",\"url\":\"https:\/\/www.technicselecservices.com\/\",\"name\":\"technic's elec services\",\"description\":\"\",\"publisher\":{\"@id\":\"https:\/\/www.technicselecservices.com\/#organization\"},\"potentialAction\":[{\"@type\":\"SearchAction\",\"target\":{\"@type\":\"EntryPoint\",\"urlTemplate\":\"https:\/\/www.technicselecservices.com\/?s={search_term_string}\"},\"query-input\":{\"@type\":\"PropertyValueSpecification\",\"valueRequired\":true,\"valueName\":\"search_term_string\"}}],\"inLanguage\":\"fr-FR\"},{\"@type\":\"Organization\",\"@id\":\"https:\/\/www.technicselecservices.com\/#organization\",\"name\":\"technic's elec services\",\"url\":\"https:\/\/www.technicselecservices.com\/\",\"logo\":{\"@type\":\"ImageObject\",\"inLanguage\":\"fr-FR\",\"@id\":\"https:\/\/www.technicselecservices.com\/#\/schema\/logo\/image\/\",\"url\":\"http:\/\/www.technicselecservices.com\/wp-content\/uploads\/2024\/05\/logo-orange.png\",\"contentUrl\":\"http:\/\/www.technicselecservices.com\/wp-content\/uploads\/2024\/05\/logo-orange.png\",\"width\":1024,\"height\":422,\"caption\":\"technic's elec services\"},\"image\":{\"@id\":\"https:\/\/www.technicselecservices.com\/#\/schema\/logo\/image\/\"}}]}<\/script>\n<!-- \/ Yoast SEO plugin. -->","yoast_head_json":{"title":"Contact - technic&#039;s elec services","description":"Contactez nous pour un devis personnalis\u00e9 ou une assistance rapide. Nous sommes \u00e0 votre \u00e9coute pour tous vos besoins \u00e9lectriques.","robots":{"index":"index","follow":"follow","max-snippet":"max-snippet:-1","max-image-preview":"max-image-preview:large","max-video-preview":"max-video-preview:-1"},"canonical":"https:\/\/www.technicselecservices.com\/index.php\/contact\/","og_locale":"fr_FR","og_type":"article","og_title":"Contact - technic&#039;s elec services","og_description":"Contactez nous pour un devis personnalis\u00e9 ou une assistance rapide. Nous sommes \u00e0 votre \u00e9coute pour tous vos besoins \u00e9lectriques.","og_url":"https:\/\/www.technicselecservices.com\/index.php\/contact\/","og_site_name":"technic&#039;s elec services","article_modified_time":"2025-02-24T10:01:03+00:00","twitter_card":"summary_large_image","twitter_misc":{"Dur\u00e9e de lecture estim\u00e9e":"1 minute"},"schema":{"@context":"https:\/\/schema.org","@graph":[{"@type":"WebPage","@id":"https:\/\/www.technicselecservices.com\/index.php\/contact\/","url":"https:\/\/www.technicselecservices.com\/index.php\/contact\/","name":"Contact - technic&#039;s elec services","isPartOf":{"@id":"https:\/\/www.technicselecservices.com\/#website"},"datePublished":"2021-02-06T12:32:42+00:00","dateModified":"2025-02-24T10:01:03+00:00","description":"Contactez nous pour un devis personnalis\u00e9 ou une assistance rapide. Nous sommes \u00e0 votre \u00e9coute pour tous vos besoins \u00e9lectriques.","breadcrumb":{"@id":"https:\/\/www.technicselecservices.com\/index.php\/contact\/#breadcrumb"},"inLanguage":"fr-FR","potentialAction":[{"@type":"ReadAction","target":["https:\/\/www.technicselecservices.com\/index.php\/contact\/"]}]},{"@type":"BreadcrumbList","@id":"https:\/\/www.technicselecservices.com\/index.php\/contact\/#breadcrumb","itemListElement":[{"@type":"ListItem","position":1,"name":"Accueil","item":"https:\/\/www.technicselecservices.com\/"},{"@type":"ListItem","position":2,"name":"Contact"}]},{"@type":"WebSite","@id":"https:\/\/www.technicselecservices.com\/#website","url":"https:\/\/www.technicselecservices.com\/","name":"technic's elec services","description":"","publisher":{"@id":"https:\/\/www.technicselecservices.com\/#organization"},"potentialAction":[{"@type":"SearchAction","target":{"@type":"EntryPoint","urlTemplate":"https:\/\/www.technicselecservices.com\/?s={search_term_string}"},"query-input":{"@type":"PropertyValueSpecification","valueRequired":true,"valueName":"search_term_string"}}],"inLanguage":"fr-FR"},{"@type":"Organization","@id":"https:\/\/www.technicselecservices.com\/#organization","name":"technic's elec services","url":"https:\/\/www.technicselecservices.com\/","logo":{"@type":"ImageObject","inLanguage":"fr-FR","@id":"https:\/\/www.technicselecservices.com\/#\/schema\/logo\/image\/","url":"http:\/\/www.technicselecservices.com\/wp-content\/uploads\/2024\/05\/logo-orange.png","contentUrl":"http:\/\/www.technicselecservices.com\/wp-content\/uploads\/2024\/05\/logo-orange.png","width":1024,"height":422,"caption":"technic's elec services"},"image":{"@id":"https:\/\/www.technicselecservices.com\/#\/schema\/logo\/image\/"}}]}},"builder_content":"<p>ENTRONS EN<\/p> <h1>CONTACT<\/h1>\n<em><svg aria-hidden=\"true\"><use href=\"#tf-ti-mobile\"><\/use><\/svg><\/em>\n<h3>Appellez-nous<\/h3> <ul> <li>06 85 64 66 13<\/li> <li>06 08 62 07 99<\/li> <\/ul>\n<em><svg aria-hidden=\"true\"><use href=\"#tf-ti-email\"><\/use><\/svg><\/em>\n<h3>Des questions ?<\/h3> <p>contact@technicselecservices.com<\/p>\n<em><svg aria-hidden=\"true\"><use href=\"#tf-ti-location-pin\"><\/use><\/svg><\/em>\n<h3>Adresse<\/h3> <p>480 ROUTE DES GRANDES TERRES 69610 SOUZY<\/p>\n<p> BESOIN D'INFORMATIONS? <\/p>\n<p>Decrivez-nous votre besoin ou projet directement via ce formulaire.<\/p>\n<form id=\"tb_qbje890-form\" method=\"post\" data-post-id=\"0\" data-element-id=\"qbje890\" data-orig-id=\"89\" > <label for=\"tb_qbje890-contact-name\"> Nom & pr\u00e9nom * <\/label> <input type=\"text\" name=\"contact-name\" placeholder=\"\" id=\"tb_qbje890-contact-name\" value=\"\" required> <label for=\"tb_qbje890-contact-email\"> Email * <\/label> <input type=\"email\" name=\"contact-email\" placeholder=\"\" id=\"tb_qbje890-contact-email\" value=\"\" required> <label for=\"tb_qbje890-contact-subject\"> Sujet * <\/label> <input type=\"text\" name=\"contact-subject\" placeholder=\"\" id=\"tb_qbje890-contact-subject\" value=\"\" required> <label for=\"tb_qbje890-contact-message\"> Message <\/label> <textarea name=\"contact-message\" placeholder=\"\" id=\"tb_qbje890-contact-message\"><\/textarea> <label> <input type=\"checkbox\" name=\"gdpr\" value=\"1\" required> Je consens \u00e0 ce que mes donn\u00e9es soumises soient collect\u00e9es et stock\u00e9es. * <\/label> <button type=\"submit\"> Envoyer <\/button> <\/form>\n<template> <\/template>","_links":{"self":[{"href":"https:\/\/www.technicselecservices.com\/index.php\/wp-json\/wp\/v2\/pages\/89","targetHints":{"allow":["GET"]}}],"collection":[{"href":"https:\/\/www.technicselecservices.com\/index.php\/wp-json\/wp\/v2\/pages"}],"about":[{"href":"https:\/\/www.technicselecservices.com\/index.php\/wp-json\/wp\/v2\/types\/page"}],"author":[{"embeddable":true,"href":"https:\/\/www.technicselecservices.com\/index.php\/wp-json\/wp\/v2\/users\/1"}],"replies":[{"embeddable":true,"href":"https:\/\/www.technicselecservices.com\/index.php\/wp-json\/wp\/v2\/comments?post=89"}],"version-history":[{"count":24,"href":"https:\/\/www.technicselecservices.com\/index.php\/wp-json\/wp\/v2\/pages\/89\/revisions"}],"predecessor-version":[{"id":363,"href":"https:\/\/www.technicselecservices.com\/index.php\/wp-json\/wp\/v2\/pages\/89\/revisions\/363"}],"wp:attachment":[{"href":"https:\/\/www.technicselecservices.com\/index.php\/wp-json\/wp\/v2\/media?parent=89"}],"curies":[{"name":"wp","href":"https:\/\/api.w.org\/{rel}","templated":true}]}}